{"id":15793,"date":"2022-02-12T01:24:49","date_gmt":"2022-02-12T00:24:49","guid":{"rendered":"https:\/\/eve-mae.com\/stadsgids\/"},"modified":"2026-02-10T13:51:57","modified_gmt":"2026-02-10T12:51:57","slug":"stadsgids","status":"publish","type":"page","link":"https:\/\/eve-mae.com\/nl\/stadsgids\/","title":{"rendered":"Stedengids"},"content":{"rendered":"\t\t<div data-elementor-type=\"wp-page\" data-elementor-id=\"15793\" class=\"elementor elementor-15793 elementor-695\" data-elementor-settings=\"{&quot;ha_cmc_init_switcher&quot;:&quot;no&quot;}\" data-elementor-post-type=\"page\">\n\t\t\t\t\t\t<section class=\"elementor-section elementor-top-section elementor-element elementor-element-6e1f3ee7 elementor-section-content-middle elementor-section-full_width elementor-section-height-default elementor-section-height-default\" data-id=\"6e1f3ee7\" data-element_type=\"section\" data-e-type=\"section\" data-settings=\"{&quot;background_background&quot;:&quot;classic&quot;}\">\n\t\t\t\t\t\t<div class=\"elementor-container elementor-column-gap-extended\">\n\t\t\t\t\t<div class=\"elementor-column elementor-col-100 elementor-top-column elementor-element elementor-element-282806d7\" data-id=\"282806d7\" data-element_type=\"column\" data-e-type=\"column\">\n\t\t\t<div class=\"elementor-widget-wrap elementor-element-populated\">\n\t\t\t\t\t\t<div class=\"elementor-element elementor-element-7d68b90e elementor-widget elementor-widget-heading\" data-id=\"7d68b90e\" data-element_type=\"widget\" data-e-type=\"widget\" data-widget_type=\"heading.default\">\n\t\t\t\t<div class=\"elementor-widget-container\">\n\t\t\t\t\t<h1 class=\"elementor-heading-title elementor-size-default\">Mijn favoriete Europa elite escort FMTY steden  <\/h1>\t\t\t\t<\/div>\n\t\t\t\t<\/div>\n\t\t\t\t<div class=\"elementor-element elementor-element-5bf28c3 elementor-widget elementor-widget-text-editor\" data-id=\"5bf28c3\" data-element_type=\"widget\" data-e-type=\"widget\" data-widget_type=\"text-editor.default\">\n\t\t\t\t<div class=\"elementor-widget-container\">\n\t\t\t\t\t\t\t\t\t<div id=\"chat-history\" class=\"chat-history-scroll-container\"><div id=\"5fc516b8106ab7fc\" class=\"conversation-container message-actions-hover-boundary response-optimization tts-removed ng-star-inserted\"><div><div class=\"response-container ng-tns-c2169538178-22 response-optimization response-container-with-gpi tts-removed ng-star-inserted response-container-has-multiple-responses\"><div class=\"presented-response-container ng-tns-c2169538178-22\"><div class=\"response-container-content ng-tns-c2169538178-22\"><div class=\"response-content ng-tns-c2169538178-22\"><div id=\"model-response-message-contentr_5fc516b8106ab7fc\" class=\"markdown markdown-main-panel stronger\" dir=\"ltr\"><h2 data-sourcepos=\"3:1-3:86\"><strong>Ontdek onvergetelijke momenten met een Independent High Class Escort in heel Europa<\/strong><\/h2><p data-sourcepos=\"5:1-5:462\">Ga mee op een reis van verfijnd gezelschap en onge\u00ebvenaarde elegantie met mij, je onafhankelijke <a title=\"High Class Escort Amsterdam\" href=\"https:\/\/eve-mae.com\/nl\/high-class-escort-amsterdam\/\">high class escort<\/a>, terwijl we door het hart van de meest fascinerende steden van Europa reizen. Van de verfijnde allure van Brussel tot de fashion-forward charme van Milaan, de ongerepte schoonheid van Z\u00fcrich, de bruisende energie van Frankfurt en de vorstelijke sfeer van M\u00fcnchen, ik ben hier om uw ervaringen te verheffen en herinneringen te cre\u00ebren die nog lang na onze tijd samen zullen blijven hangen.<\/p><h2 data-sourcepos=\"7:1-7:37\"><strong>Een vleugje elegantie in elke bity<\/strong><\/h2><p data-sourcepos=\"9:1-9:346\">Elke stad biedt een unieke combinatie van cultuur, geschiedenis en een bruisend nachtleven, en vormt zo de perfecte achtergrond voor ons rendez-vous. Of je nu een verfijnde companion wilt voor een diner, een partner om de verborgen juweeltjes van de stad te ontdekken of gewoon iemand om intieme momenten mee te delen, ik ben vastbesloten om je wensen met gratie en discretie te vervullen. Met mij kun je dat extra vleugje elegantie verwachten, waar we ook zijn.<\/p><h2 data-sourcepos=\"11:1-11:53\"><strong>Buiten de stadsgrenzen: Ervaringen met FMTY en TMTY<\/strong><\/h2><p data-sourcepos=\"13:1-13:594\">Voor degenen die op zoek zijn naar een langere ontsnapping of een meer persoonlijk avontuur, bied ik de exclusieve &#8216;Fly Me To You&#8217; (FMTY) en &#8216;Train Me, To You&#8217; (TMTY) ervaringen aan. Hiermee kunnen we buiten de stadsgrenzen treden en de schilderachtige landschappen en verborgen toevluchtsoorden verkennen die Europa te bieden heeft. Stel je voor: een romantisch uitje in de Zwitserse Alpen, genieten van de culinaire hoogstandjes van het Italiaanse platteland of jezelf onderdompelen in de historische charme van een Frans kasteel. De mogelijkheden zijn eindeloos en ik sta ervoor open om deze ervaringen af te stemmen op jullie specifieke wensen.<\/p><h3 data-sourcepos=\"15:1-15:49\"><strong>Wat mij onderscheidt als uw Independent Escort<\/strong><\/h3><ul data-sourcepos=\"17:1-21:0\"><li data-sourcepos=\"17:1-17:209\"><strong>Discretie en professionaliteit:<\/strong> Jouw privacy en comfort zijn mijn grootste prioriteiten. Ik behandel elke interactie met de grootst mogelijke discretie en professionaliteit, zodat je een naadloze en plezierige ervaring hebt.<\/li><li data-sourcepos=\"18:1-18:211\"><strong>Echte verbinding:<\/strong> Ik geloof in het stimuleren van oprechte connecties, het cre\u00ebren van een sfeer van vertrouwen en intimiteit. Mijn warmte, humor en innemende conversatie zorgen ervoor dat je je op je gemak voelt vanaf het moment dat we elkaar ontmoeten.<\/li><li data-sourcepos=\"19:1-19:153\"><strong>Onge\u00ebvenaarde elegantie:<\/strong> Ik heb een aangeboren gevoel voor stijl en raffinement, waardoor elke ontmoeting doordrenkt is van elegantie en verfijning.<\/li><li data-sourcepos=\"20:1-21:0\"><strong>Flexibiliteit en aanpassingsvermogen:<\/strong> Ik begrijp dat elke klant unieke wensen en voorkeuren heeft. Ik ben flexibel en pas me aan, zodat jouw ervaring is afgestemd op jouw specifieke behoeften.<\/li><\/ul><h2 data-sourcepos=\"22:1-22:48\">\u00a0<\/h2><h2 data-sourcepos=\"22:1-22:48\"><strong>Laten we samen onvergetelijke herinneringen cre\u00ebren<\/strong><\/h2><p data-sourcepos=\"24:1-24:268\">Als je op zoek bent naar een independent high class escort die uitzonderlijk gezelschap kan bieden en onvergetelijke herinneringen kan cre\u00ebren, dan nodig ik je uit om contact met me op te nemen. Laten we beginnen aan een reis van ontdekking en verwennerij, waarbij we samen de schoonheid en opwinding van Europa ontdekken. Bekijk mijn <a title=\"Investering\" href=\"https:\/\/eve-mae.com\/nl\/investering\/\">Investeringen<\/a> pagina voor informatie over tarieven en reisarrangementen. Hieronder vind je een aantal van mijn favoriete steden in Europa.<\/p><\/div><\/div><\/div><\/div><\/div><\/div><\/div><\/div>\t\t\t\t\t\t\t\t<\/div>\n\t\t\t\t<\/div>\n\t\t\t\t\t<\/div>\n\t\t<\/div>\n\t\t\t\t\t<\/div>\n\t\t<\/section>\n\t\t\t\t<section class=\"elementor-section elementor-top-section elementor-element elementor-element-32be3bf elementor-section-boxed elementor-section-height-default elementor-section-height-default\" data-id=\"32be3bf\" data-element_type=\"section\" data-e-type=\"section\">\n\t\t\t\t\t\t<div class=\"elementor-container elementor-column-gap-default\">\n\t\t\t\t\t<div class=\"elementor-column elementor-col-50 elementor-top-column elementor-element elementor-element-f3bda42\" data-id=\"f3bda42\" data-element_type=\"column\" data-e-type=\"column\">\n\t\t\t<div class=\"elementor-widget-wrap elementor-element-populated\">\n\t\t\t\t\t\t<div class=\"elementor-element elementor-element-fc2d8e5 elementor-widget elementor-widget-image\" data-id=\"fc2d8e5\" data-element_type=\"widget\" data-e-type=\"widget\" data-widget_type=\"image.default\">\n\t\t\t\t<div class=\"elementor-widget-container\">\n\t\t\t\t\t\t\t\t\t\t\t\t\t\t\t\t<a href=\"https:\/\/eve-mae.com\/independent-escort-spain\/\">\n\t\t\t\t\t\t\t<img fetchpriority=\"high\" decoding=\"async\" width=\"1200\" height=\"1801\" src=\"https:\/\/eve-mae.com\/wp-content\/uploads\/2024\/04\/eve7.jpg\" class=\"attachment-full size-full wp-image-15004\" alt=\"\" srcset=\"https:\/\/eve-mae.com\/wp-content\/uploads\/2024\/04\/eve7.jpg 1200w, https:\/\/eve-mae.com\/wp-content\/uploads\/2024\/04\/eve7-200x300.jpg 200w, https:\/\/eve-mae.com\/wp-content\/uploads\/2024\/04\/eve7-682x1024.jpg 682w, https:\/\/eve-mae.com\/wp-content\/uploads\/2024\/04\/eve7-768x1153.jpg 768w, https:\/\/eve-mae.com\/wp-content\/uploads\/2024\/04\/eve7-1023x1536.jpg 1023w\" sizes=\"(max-width: 1200px) 100vw, 1200px\" title=\"\">\t\t\t\t\t\t\t\t<\/a>\n\t\t\t\t\t\t\t\t\t\t\t\t\t\t\t<\/div>\n\t\t\t\t<\/div>\n\t\t\t\t\t<\/div>\n\t\t<\/div>\n\t\t\t\t<div class=\"elementor-column elementor-col-50 elementor-top-column elementor-element elementor-element-46c6c1b\" data-id=\"46c6c1b\" data-element_type=\"column\" data-e-type=\"column\">\n\t\t\t<div class=\"elementor-widget-wrap elementor-element-populated\">\n\t\t\t\t\t\t<div class=\"elementor-element elementor-element-bccd74c elementor-widget elementor-widget-image\" data-id=\"bccd74c\" data-element_type=\"widget\" data-e-type=\"widget\" data-widget_type=\"image.default\">\n\t\t\t\t<div class=\"elementor-widget-container\">\n\t\t\t\t\t\t\t\t\t\t\t\t\t\t\t\t<a href=\"https:\/\/eve-mae.com\/independent-escort-belgium\/\">\n\t\t\t\t\t\t\t<img decoding=\"async\" width=\"1200\" height=\"1800\" src=\"https:\/\/eve-mae.com\/wp-content\/uploads\/2023\/10\/RUS_9644.jpg\" class=\"attachment-full size-full wp-image-14916\" alt=\"\" srcset=\"https:\/\/eve-mae.com\/wp-content\/uploads\/2023\/10\/RUS_9644.jpg 1200w, https:\/\/eve-mae.com\/wp-content\/uploads\/2023\/10\/RUS_9644-200x300.jpg 200w, https:\/\/eve-mae.com\/wp-content\/uploads\/2023\/10\/RUS_9644-683x1024.jpg 683w, https:\/\/eve-mae.com\/wp-content\/uploads\/2023\/10\/RUS_9644-768x1152.jpg 768w, https:\/\/eve-mae.com\/wp-content\/uploads\/2023\/10\/RUS_9644-1024x1536.jpg 1024w\" sizes=\"(max-width: 1200px) 100vw, 1200px\" title=\"\">\t\t\t\t\t\t\t\t<\/a>\n\t\t\t\t\t\t\t\t\t\t\t\t\t\t\t<\/div>\n\t\t\t\t<\/div>\n\t\t\t\t\t<\/div>\n\t\t<\/div>\n\t\t\t\t\t<\/div>\n\t\t<\/section>\n\t\t\t\t<section class=\"elementor-section elementor-top-section elementor-element elementor-element-f977c48 elementor-section-boxed elementor-section-height-default elementor-section-height-default\" data-id=\"f977c48\" data-element_type=\"section\" data-e-type=\"section\">\n\t\t\t\t\t\t<div class=\"elementor-container elementor-column-gap-default\">\n\t\t\t\t\t<div class=\"elementor-column elementor-col-100 elementor-top-column elementor-element elementor-element-6eb6beb\" data-id=\"6eb6beb\" data-element_type=\"column\" data-e-type=\"column\">\n\t\t\t<div class=\"elementor-widget-wrap elementor-element-populated\">\n\t\t\t\t\t\t<div class=\"elementor-element elementor-element-7894c04 elementor-widget elementor-widget-text-editor\" data-id=\"7894c04\" data-element_type=\"widget\" data-e-type=\"widget\" data-widget_type=\"text-editor.default\">\n\t\t\t\t<div class=\"elementor-widget-container\">\n\t\t\t\t\t\t\t\t\t<p><strong><a title=\"High Class Escort Antwerpen\" href=\"https:\/\/eve-mae.com\/nl\/independent-escort-antwerpen\/\"><span style=\"color: #000000;\">High Class Escort Antwerpen<\/span><\/a><\/strong><\/p><p>Bereid je voor om je onder te dompelen in de betoverende wereld van een luxe escort in Antwerpen, waar elk moment zorgvuldig is gecre\u00eberd om te boeien en te verrukken.<\/p><p><strong><a title=\"Onafhankelijke High Class Escorts Barcelona\" href=\"https:\/\/eve-mae.com\/independent-escort-barcelona\/\"><span style=\"color: #000000;\">High class escort Barcelona<\/span><\/a><\/strong><\/p><p>Barcelona, een stad die bruist van artistieke flair, fascinerende architectuur en een bruisend nachtleven.<\/p><p><strong><a title=\"Onafhankelijke High Class Escorts Brussel\" href=\"https:\/\/eve-mae.com\/nl\/?page_id=15792\"><span style=\"color: #333333;\">High class escort Brussel<\/span><\/a><\/strong><\/p><p>Brussel, een stad die bruist van internationale flair en verfijning.<\/p><p><strong><a title=\"Onafhankelijke High Class Escort Cannes\" href=\"https:\/\/eve-mae.com\/independent-escort-cannes\/\"><span style=\"color: #000000;\">High class escort Cannes<\/span><\/a><\/strong><\/p><p>Cannes, met zijn adembenemende kustlijn, luxe hotels en levendige sfeer, is een speeltuin voor de elite.<\/p><p><strong><a title=\"Onafhankelijke High Class Escort Como\" href=\"https:\/\/eve-mae.com\/independent-escort-como\/\"><span style=\"color: #000000;\">High Class Escort Como<\/span><\/a><\/strong><\/p><p>Stel je de mogelijkheden voor: de adembenemende villa&#8217;s en tuinen van het Comomeer verkennen met een innemende en intelligente companion aan je zijde.<\/p><p><strong><a title=\"Onafhankelijke High Class Escort Frankfurt\" href=\"https:\/\/eve-mae.com\/independent-elite-escort-frankfurt\/\">High Class Escort Frankfurt<\/a><\/strong><\/p><p>Frankfurt, een stad die bekend staat om zijn indrukwekkende skyline, internationale financi\u00ebn en verfijnde sfeer.<\/p><p><strong><a title=\"Onafhankelijke High Class Escort Gen\u00e8ve\" href=\"https:\/\/eve-mae.com\/independent-escort-geneva\/\"><span style=\"color: #000000;\">High class escort Gen\u00e8ve<\/span><\/a><\/strong><\/p><p>Gen\u00e8ve, een stad die synoniem staat voor elegantie en exclusiviteit, biedt de perfecte setting voor onvergetelijke ontmoetingen.<\/p><p><strong><a title=\"Onafhankelijke High Class Escort Gent\" href=\"https:\/\/eve-mae.com\/independent-escort-gent\/\"><span style=\"color: #000000;\">High Class Escort Gent<\/span><\/a><\/strong><\/p><p>In het hart van het mooie Gent wacht je een ervaring die het gewone overstijgt.<\/p><p><strong><a title=\"Onafhankelijke High Class Escort Ibiza\" href=\"https:\/\/eve-mae.com\/independent-escort-ibiza\/\"><span style=\"color: #000000;\">High Class Escort Ibiza<\/span><\/a><\/strong><\/p><p>Ibiza, het Witte Eiland, een oase van hedonisme en luxe, biedt het perfecte podium voor een onvergetelijke ontmoeting.<\/p><p><strong><a title=\"High Class Escort Knokke\" href=\"https:\/\/eve-mae.com\/luxury-escort-knokke\/\"><span style=\"color: #000000;\">High Class Escort Knokke<\/span><\/a><\/strong><\/p><p>Knokke, een stad die bekend staat om zijn ongerepte stranden, chique boetieks en verfijnde sfeer.<\/p><p><strong><a title=\"Onafhankelijke High Class Escorts Marbella\" href=\"https:\/\/eve-mae.com\/independent-escort-marbella\/\"><span style=\"color: #000000;\">High Class Escorts Marbella<\/span><\/a><\/strong><\/p><p>Marbella, een juweel aan de Costa del Sol in Spanje, staat synoniem voor luxe, exclusiviteit en onvergetelijke ervaringen.<\/p><p><strong><a title=\"Onafhankelijke High Class Escorts Milaan\" href=\"https:\/\/eve-mae.com\/independent-elite-escort-milan\/\"><span style=\"color: #333333;\">High Class Escort Milaan<\/span><\/a><\/strong><\/p><p>Milaan, een stad die synoniem staat voor haute couture, verfijnde elegantie en een bruisende culturele scene.<\/p><p><strong><a title=\"Onafhankelijke High Class Escort Monaco\" href=\"https:\/\/eve-mae.com\/independent-escort-monaco\/\">High Class Escort Monaco<\/a><\/strong><\/p><p>Monaco, een juweel aan de Franse Rivi\u00e8ra, staat als een baken van weelde en exclusiviteit.<\/p><p><strong><a title=\"Onafhankelijke High Class Escorts M\u00fcnchen\" href=\"https:\/\/eve-mae.com\/elite-independent-escort-in-munich\/\"><span style=\"color: #333333;\">High Class Escorts M\u00fcnchen<\/span><\/a><\/strong><\/p><p>M\u00fcnchen, een stad die bekend staat om zijn rijke geschiedenis, levendige cultuur en elegante verfijning.<\/p><p><strong><a title=\"Onafhankelijke High Class Escorts Parijs\" href=\"https:\/\/eve-mae.com\/independent-escort-paris\/\">High class escort Parijs<\/a><\/strong><\/p><p>Parijs, de lichtstad, een baken van romantiek en verfijning.<\/p><p><strong><a title=\"Onafhankelijke high class escort Saint Tropez\" href=\"https:\/\/eve-mae.com\/independent-escort-saint-tropez\/\"><span style=\"color: #333333;\">High class escort Saint Tropez<\/span><\/a><\/strong><\/p><p>St. Tropez, met zijn legendarische stranden, luxe jachten en bruisende nachtleven, is een toevluchtsoord voor de veeleisende reiziger.<\/p><p><strong><a title=\"Onafhankelijke High Class Escorts Z\u00fcrich\" href=\"https:\/\/eve-mae.com\/independent-elite-escort-zurich\/\">High Class Escort Z\u00fcrich<\/a><\/strong><\/p><p>Z\u00fcrich, een stad die synoniem is aan precisie, luxe en adembenemende vergezichten over de Alpen.<\/p>\t\t\t\t\t\t\t\t<\/div>\n\t\t\t\t<\/div>\n\t\t\t\t\t<\/div>\n\t\t<\/div>\n\t\t\t\t\t<\/div>\n\t\t<\/section>\n\t\t\t\t<section class=\"elementor-section elementor-top-section elementor-element elementor-element-c881dd1 elementor-section-content-middle elementor-section-boxed elementor-section-height-default elementor-section-height-default\" data-id=\"c881dd1\" data-element_type=\"section\" data-e-type=\"section\" data-settings=\"{&quot;background_background&quot;:&quot;classic&quot;}\">\n\t\t\t\t\t\t<div class=\"elementor-container elementor-column-gap-no\">\n\t\t\t\t\t<div class=\"elementor-column elementor-col-100 elementor-top-column elementor-element elementor-element-20195adf\" data-id=\"20195adf\" data-element_type=\"column\" data-e-type=\"column\" data-settings=\"{&quot;background_slideshow_gallery&quot;:[{&quot;id&quot;:14554,&quot;url&quot;:&quot;https:\\\/\\\/eve-mae.com\\\/wp-content\\\/uploads\\\/2022\\\/09\\\/DSC_0415.jpg&quot;}],&quot;background_background&quot;:&quot;slideshow&quot;,&quot;background_slideshow_loop&quot;:&quot;yes&quot;,&quot;background_slideshow_slide_duration&quot;:5000,&quot;background_slideshow_slide_transition&quot;:&quot;fade&quot;,&quot;background_slideshow_transition_duration&quot;:500}\">\n\t\t\t<div class=\"elementor-widget-wrap elementor-element-populated\">\n\t\t\t\t\t\t<div class=\"elementor-element elementor-element-d831de0 elementor-widget elementor-widget-text-editor\" data-id=\"d831de0\" data-element_type=\"widget\" data-e-type=\"widget\" data-widget_type=\"text-editor.default\">\n\t\t\t\t<div class=\"elementor-widget-container\">\n\t\t\t\t\t\t\t\t\t<p>EMAIL: <span style=\"color: #ffffff;\"><a style=\"color: #ffffff;\" href=\"mailto:contact@eve-mae.com\">contact@eve-mae.com<\/a><\/span><\/p><p>TELEFOON: <span style=\"color: #ffffff;\"><a style=\"color: #ffffff;\" href=\"tel:+31647154586\">+31647154586<\/a><\/span><\/p>\t\t\t\t\t\t\t\t<\/div>\n\t\t\t\t<\/div>\n\t\t\t\t\t<\/div>\n\t\t<\/div>\n\t\t\t\t\t<\/div>\n\t\t<\/section>\n\t\t\t\t<\/div>\n\t\t","protected":false},"excerpt":{"rendered":"<p>Mijn favoriete Europa elite escort FMTY steden Ontdek onvergetelijke momenten met een Independent High Class Escort in heel Europa Ga mee op een reis van verfijnd gezelschap en onge\u00ebvenaarde elegantie met mij, je onafhankelijke high class escort, terwijl we door het hart van de meest fascinerende steden van Europa reizen. Van de verfijnde allure van&hellip;&nbsp;<a href=\"https:\/\/eve-mae.com\/nl\/stadsgids\/\" rel=\"bookmark\">Read More &raquo;<span class=\"screen-reader-text\">Stedengids<\/span><\/a><\/p>\n","protected":false},"author":1,"featured_media":0,"parent":0,"menu_order":0,"comment_status":"closed","ping_status":"closed","template":"elementor_header_footer","meta":{"neve_meta_sidebar":"","neve_meta_container":"","neve_meta_enable_content_width":"","neve_meta_content_width":0,"neve_meta_title_alignment":"","neve_meta_author_avatar":"","neve_post_elements_order":"","neve_meta_disable_header":"","neve_meta_disable_footer":"","neve_meta_disable_title":"","neve_meta_reading_time":"","_themeisle_gutenberg_block_has_review":false,"footnotes":""},"class_list":["post-15793","page","type-page","status-publish","hentry"],"_links":{"self":[{"href":"https:\/\/eve-mae.com\/nl\/wp-json\/wp\/v2\/pages\/15793","targetHints":{"allow":["GET"]}}],"collection":[{"href":"https:\/\/eve-mae.com\/nl\/wp-json\/wp\/v2\/pages"}],"about":[{"href":"https:\/\/eve-mae.com\/nl\/wp-json\/wp\/v2\/types\/page"}],"author":[{"embeddable":true,"href":"https:\/\/eve-mae.com\/nl\/wp-json\/wp\/v2\/users\/1"}],"replies":[{"embeddable":true,"href":"https:\/\/eve-mae.com\/nl\/wp-json\/wp\/v2\/comments?post=15793"}],"version-history":[{"count":0,"href":"https:\/\/eve-mae.com\/nl\/wp-json\/wp\/v2\/pages\/15793\/revisions"}],"wp:attachment":[{"href":"https:\/\/eve-mae.com\/nl\/wp-json\/wp\/v2\/media?parent=15793"}],"curies":[{"name":"wp","href":"https:\/\/api.w.org\/{rel}","templated":true}]}}